{"id":26,"date":"2024-01-08T20:47:30","date_gmt":"2024-01-08T19:47:30","guid":{"rendered":"https:\/\/cukdub.cz\/?page_id=26"},"modified":"2026-01-28T20:13:22","modified_gmt":"2026-01-28T19:13:22","slug":"26-2","status":"publish","type":"page","link":"https:\/\/cukdub.cz\/","title":{"rendered":"CUKR\u00c1\u0158STV\u00cd U D\u00daBK\u016e"},"content":{"rendered":"\n<h2 class=\"wp-block-heading\">V\u00edtejte na str\u00e1nk\u00e1ch Cukr\u00e1\u0159stv\u00ed u D\u00fabk\u016f,jsme r\u00e1di,\u017ee jste s n\u00e1mi .<\/h2>\n\n\n\n<div class=\"wp-block-cover aligncenter\" style=\"min-height:434px\"><span aria-hidden=\"true\" class=\"wp-block-cover__background has-background-dim\"><\/span><img loading=\"lazy\" decoding=\"async\" width=\"1730\" height=\"798\" class=\"wp-block-cover__image-background wp-image-10\" alt=\"\" src=\"https:\/\/cukdub.cz\/wp-content\/uploads\/2024\/01\/28032008107-e1704734750484.jpg\" data-object-fit=\"cover\" srcset=\"https:\/\/cukdub.cz\/wp-content\/uploads\/2024\/01\/28032008107-e1704734750484.jpg 1730w, https:\/\/cukdub.cz\/wp-content\/uploads\/2024\/01\/28032008107-e1704734750484-300x138.jpg 300w, https:\/\/cukdub.cz\/wp-content\/uploads\/2024\/01\/28032008107-e1704734750484-1024x472.jpg 1024w, https:\/\/cukdub.cz\/wp-content\/uploads\/2024\/01\/28032008107-e1704734750484-768x354.jpg 768w, https:\/\/cukdub.cz\/wp-content\/uploads\/2024\/01\/28032008107-e1704734750484-1536x709.jpg 1536w\" sizes=\"(max-width: 1730px) 100vw, 1730px\" \/><div class=\"wp-block-cover__inner-container is-layout-flow wp-block-cover-is-layout-flow\">\n<p><\/p>\n<\/div><\/div>\n\n\n\n<h1 class=\"wp-block-heading has-text-align-center\"><em>V\u00edtejte na  str\u00e1nk\u00e1ch Cukr\u00e1\u0159stv\u00ed u D\u00fabk\u016f. Jsme rodinn\u00e1 firma s 30 letou tradic\u00ed,kter\u00e1 se zab\u00fdv\u00e1 v\u00fdrobou z\u00e1kusk\u016f,svatebn\u00edch kol\u00e1\u010dk\u016f a dort\u016f<\/em><\/h1>\n\n\n\n<figure class=\"wp-block-gallery alignfull has-nested-images columns-default is-cropped wp-block-gallery-1 is-layout-flex wp-block-gallery-is-layout-flex\">\n<figure class=\"wp-block-image size-large\"><img loading=\"lazy\" decoding=\"async\" width=\"1024\" height=\"576\" data-id=\"158\" src=\"https:\/\/cukdub.cz\/wp-content\/uploads\/2024\/01\/CHJJ4177-3-1024x576.jpg\" alt=\"\" class=\"wp-image-158\" srcset=\"https:\/\/cukdub.cz\/wp-content\/uploads\/2024\/01\/CHJJ4177-3-1024x576.jpg 1024w, https:\/\/cukdub.cz\/wp-content\/uploads\/2024\/01\/CHJJ4177-3-300x169.jpg 300w, https:\/\/cukdub.cz\/wp-content\/uploads\/2024\/01\/CHJJ4177-3-768x432.jpg 768w, https:\/\/cukdub.cz\/wp-content\/uploads\/2024\/01\/CHJJ4177-3-1536x864.jpg 1536w, https:\/\/cukdub.cz\/wp-content\/uploads\/2024\/01\/CHJJ4177-3-2048x1152.jpg 2048w\" sizes=\"(max-width: 1024px) 100vw, 1024px\" \/><\/figure>\n\n\n\n<figure class=\"wp-block-image size-large\"><img loading=\"lazy\" decoding=\"async\" width=\"2560\" height=\"1922\" data-id=\"157\" src=\"https:\/\/cukdub.cz\/wp-content\/uploads\/2024\/01\/HWXQ2007-edited-scaled.jpg\" alt=\"\" class=\"wp-image-157\" srcset=\"https:\/\/cukdub.cz\/wp-content\/uploads\/2024\/01\/HWXQ2007-edited-scaled.jpg 2560w, https:\/\/cukdub.cz\/wp-content\/uploads\/2024\/01\/HWXQ2007-edited-300x225.jpg 300w, https:\/\/cukdub.cz\/wp-content\/uploads\/2024\/01\/HWXQ2007-edited-1024x769.jpg 1024w, https:\/\/cukdub.cz\/wp-content\/uploads\/2024\/01\/HWXQ2007-edited-768x577.jpg 768w, https:\/\/cukdub.cz\/wp-content\/uploads\/2024\/01\/HWXQ2007-edited-1536x1153.jpg 1536w, https:\/\/cukdub.cz\/wp-content\/uploads\/2024\/01\/HWXQ2007-edited-2048x1538.jpg 2048w\" sizes=\"(max-width: 2560px) 100vw, 2560px\" \/><\/figure>\n<\/figure>\n\n\n\n<figure class=\"wp-block-gallery alignfull has-nested-images columns-default is-cropped wp-block-gallery-2 is-layout-flex wp-block-gallery-is-layout-flex\">\n<figure class=\"wp-block-image size-large\"><img loading=\"lazy\" decoding=\"async\" width=\"1024\" height=\"576\" data-id=\"162\" src=\"https:\/\/cukdub.cz\/wp-content\/uploads\/2024\/01\/BDQG2831-1024x576.jpg\" alt=\"\" class=\"wp-image-162\" srcset=\"https:\/\/cukdub.cz\/wp-content\/uploads\/2024\/01\/BDQG2831-1024x576.jpg 1024w, https:\/\/cukdub.cz\/wp-content\/uploads\/2024\/01\/BDQG2831-300x169.jpg 300w, https:\/\/cukdub.cz\/wp-content\/uploads\/2024\/01\/BDQG2831-768x432.jpg 768w, https:\/\/cukdub.cz\/wp-content\/uploads\/2024\/01\/BDQG2831-1536x864.jpg 1536w, https:\/\/cukdub.cz\/wp-content\/uploads\/2024\/01\/BDQG2831-2048x1152.jpg 2048w\" sizes=\"(max-width: 1024px) 100vw, 1024px\" \/><\/figure>\n\n\n\n<figure class=\"wp-block-image size-large\"><img loading=\"lazy\" decoding=\"async\" width=\"2560\" height=\"1923\" data-id=\"161\" src=\"https:\/\/cukdub.cz\/wp-content\/uploads\/2024\/01\/AMKO5052-edited-scaled.jpg\" alt=\"\" class=\"wp-image-161\" srcset=\"https:\/\/cukdub.cz\/wp-content\/uploads\/2024\/01\/AMKO5052-edited-scaled.jpg 2560w, https:\/\/cukdub.cz\/wp-content\/uploads\/2024\/01\/AMKO5052-edited-300x225.jpg 300w, https:\/\/cukdub.cz\/wp-content\/uploads\/2024\/01\/AMKO5052-edited-1024x769.jpg 1024w, https:\/\/cukdub.cz\/wp-content\/uploads\/2024\/01\/AMKO5052-edited-768x577.jpg 768w, https:\/\/cukdub.cz\/wp-content\/uploads\/2024\/01\/AMKO5052-edited-1536x1154.jpg 1536w, https:\/\/cukdub.cz\/wp-content\/uploads\/2024\/01\/AMKO5052-edited-2048x1538.jpg 2048w\" sizes=\"(max-width: 2560px) 100vw, 2560px\" \/><\/figure>\n<\/figure>\n\n\n\n<h2 class=\"wp-block-heading\">Telefon : mob +420 733 137 766 nebo osobn\u011b  na adrese  Hlavn\u00ed  252  Hvozdn\u00e1 76310 <\/h2>\n\n\n\n<h2 class=\"wp-block-heading\">Telefon na objedn\u00e1v\u00e1n\u00ed svatebn\u00edch kol\u00e1\u010dk\u016f.Mob:+420723373224 <\/h2>\n","protected":false},"excerpt":{"rendered":"<p>V\u00edtejte na str\u00e1nk\u00e1ch Cukr\u00e1\u0159stv\u00ed u D\u00fabk\u016f,jsme r\u00e1di,\u017ee jste s n\u00e1mi . V\u00edtejte na str\u00e1nk\u00e1ch Cukr\u00e1\u0159stv\u00ed u D\u00fabk\u016f. Jsme rodinn\u00e1 firma [&hellip;]<\/p>\n","protected":false},"author":1,"featured_media":0,"parent":0,"menu_order":0,"comment_status":"closed","ping_status":"closed","template":"","meta":{"site-sidebar-layout":"default","site-content-layout":"","ast-site-content-layout":"default","site-content-style":"default","site-sidebar-style":"default","ast-global-header-display":"","ast-banner-title-visibility":"","ast-main-header-display":"","ast-hfb-above-header-display":"","ast-hfb-below-header-display":"","ast-hfb-mobile-header-display":"","site-post-title":"","ast-breadcrumbs-content":"","ast-featured-img":"","footer-sml-layout":"","theme-transparent-header-meta":"","adv-header-id-meta":"","stick-header-meta":"","header-above-stick-meta":"","header-main-stick-meta":"","header-below-stick-meta":"","astra-migrate-meta-layouts":"default","ast-page-background-enabled":"default","ast-page-background-meta":{"desktop":{"background-color":"var(--ast-global-color-5)","background-image":"","background-repeat":"repeat","background-position":"center center","background-size":"auto","background-attachment":"scroll","background-type":"","background-media":"","overlay-type":"","overlay-color":"","overlay-opacity":"","overlay-gradient":""},"tablet":{"background-color":"","background-image":"","background-repeat":"repeat","background-position":"center center","background-size":"auto","background-attachment":"scroll","background-type":"","background-media":"","overlay-type":"","overlay-color":"","overlay-opacity":"","overlay-gradient":""},"mobile":{"background-color":"","background-image":"","background-repeat":"repeat","background-position":"center center","background-size":"auto","background-attachment":"scroll","background-type":"","background-media":"","overlay-type":"","overlay-color":"","overlay-opacity":"","overlay-gradient":""}},"ast-content-background-meta":{"desktop":{"background-color":"var(--ast-global-color-4)","background-image":"","background-repeat":"repeat","background-position":"center center","background-size":"auto","background-attachment":"scroll","background-type":"","background-media":"","overlay-type":"","overlay-color":"","overlay-opacity":"","overlay-gradient":""},"tablet":{"background-color":"var(--ast-global-color-4)","background-image":"","background-repeat":"repeat","background-position":"center center","background-size":"auto","background-attachment":"scroll","background-type":"","background-media":"","overlay-type":"","overlay-color":"","overlay-opacity":"","overlay-gradient":""},"mobile":{"background-color":"var(--ast-global-color-4)","background-image":"","background-repeat":"repeat","background-position":"center center","background-size":"auto","background-attachment":"scroll","background-type":"","background-media":"","overlay-type":"","overlay-color":"","overlay-opacity":"","overlay-gradient":""}},"footnotes":""},"_links":{"self":[{"href":"https:\/\/cukdub.cz\/index.php?rest_route=\/wp\/v2\/pages\/26"}],"collection":[{"href":"https:\/\/cukdub.cz\/index.php?rest_route=\/wp\/v2\/pages"}],"about":[{"href":"https:\/\/cukdub.cz\/index.php?rest_route=\/wp\/v2\/types\/page"}],"author":[{"embeddable":true,"href":"https:\/\/cukdub.cz\/index.php?rest_route=\/wp\/v2\/users\/1"}],"replies":[{"embeddable":true,"href":"https:\/\/cukdub.cz\/index.php?rest_route=%2Fwp%2Fv2%2Fcomments&post=26"}],"version-history":[{"count":49,"href":"https:\/\/cukdub.cz\/index.php?rest_route=\/wp\/v2\/pages\/26\/revisions"}],"predecessor-version":[{"id":291,"href":"https:\/\/cukdub.cz\/index.php?rest_route=\/wp\/v2\/pages\/26\/revisions\/291"}],"wp:attachment":[{"href":"https:\/\/cukdub.cz\/index.php?rest_route=%2Fwp%2Fv2%2Fmedia&parent=26"}],"curies":[{"name":"wp","href":"https:\/\/api.w.org\/{rel}","templated":true}]}}